{"id":2436,"date":"2019-12-18T20:48:30","date_gmt":"2019-12-18T19:48:30","guid":{"rendered":"https:\/\/lgtravel.se\/lg-travel\/"},"modified":"2026-04-22T10:19:06","modified_gmt":"2026-04-22T08:19:06","slug":"lg-travel","status":"publish","type":"page","link":"https:\/\/lgtravel.se\/en\/","title":{"rendered":"LG Travel"},"content":{"rendered":"\t\t<div data-elementor-type=\"wp-page\" data-elementor-id=\"2436\" class=\"elementor elementor-2436 elementor-12\" data-elementor-post-type=\"page\">\n\t\t\t\t\t\t<section class=\"elementor-section elementor-top-section elementor-element elementor-element-eadaf60 elementor-section-height-min-height elementor-section-boxed elementor-section-height-default elementor-section-items-middle\" data-id=\"eadaf60\" data-element_type=\"section\" data-e-type=\"section\" data-settings=\"{&quot;background_background&quot;:&quot;video&quot;,&quot;background_video_link&quot;:&quot;https:\\\/\\\/lgtravel.se\\\/wp-content\\\/uploads\\\/2026\\\/04\\\/pxl_20260413_133855364.mp4&quot;,&quot;background_video_start&quot;:0,&quot;background_play_on_mobile&quot;:&quot;yes&quot;,&quot;background_video_end&quot;:0}\">\n\t\t\t\t\t\t\t\t<div class=\"elementor-background-video-container\">\n\t\t\t\t\t\t\t\t\t\t\t\t\t<video class=\"elementor-background-video-hosted\" role=\"presentation\" autoplay muted playsinline loop><\/video>\n\t\t\t\t\t\t\t\t\t\t\t<\/div>\n\t\t\t\t\t\t\t\t\t<div class=\"elementor-background-overlay\"><\/div>\n\t\t\t\t\t\t\t<div class=\"elementor-container elementor-column-gap-default\">\n\t\t\t\t\t<div class=\"elementor-column elementor-col-100 elementor-top-column elementor-element elementor-element-5eeacc1 animated-slow elementor-invisible\" data-id=\"5eeacc1\" data-element_type=\"column\" data-e-type=\"column\" data-settings=\"{&quot;animation&quot;:&quot;fadeIn&quot;,&quot;animation_delay&quot;:1500}\">\n\t\t\t<div class=\"elementor-widget-wrap elementor-element-populated\">\n\t\t\t\t\t\t<div class=\"elementor-element elementor-element-9c31de5 elementor-widget elementor-widget-heading\" data-id=\"9c31de5\" data-element_type=\"widget\" data-e-type=\"widget\" data-widget_type=\"heading.default\">\n\t\t\t\t<div class=\"elementor-widget-container\">\n\t\t\t\t\t<h1 class=\"elementor-heading-title elementor-size-default\">To travel is to come close<\/h1>\t\t\t\t<\/div>\n\t\t\t\t<\/div>\n\t\t\t\t<div class=\"elementor-element elementor-element-bc35f9c elementor-widget-divider--view-line elementor-widget elementor-widget-global elementor-global-627 elementor-widget-divider\" data-id=\"bc35f9c\" data-element_type=\"widget\" data-e-type=\"widget\" data-widget_type=\"divider.default\">\n\t\t\t\t<div class=\"elementor-widget-container\">\n\t\t\t\t\t\t\t<div class=\"elementor-divider\">\n\t\t\t<span class=\"elementor-divider-separator\">\n\t\t\t\t\t\t<\/span>\n\t\t<\/div>\n\t\t\t\t\t\t<\/div>\n\t\t\t\t<\/div>\n\t\t\t\t<div class=\"elementor-element elementor-element-1c4967c elementor-widget elementor-widget-heading\" data-id=\"1c4967c\" data-element_type=\"widget\" data-e-type=\"widget\" data-widget_type=\"heading.default\">\n\t\t\t\t<div class=\"elementor-widget-container\">\n\t\t\t\t\t<h2 class=\"elementor-heading-title elementor-size-default\">So close that you can smell, taste and feel<br>everything you want to know more about<\/h2>\t\t\t\t<\/div>\n\t\t\t\t<\/div>\n\t\t\t\t<div class=\"elementor-element elementor-element-f5c1a2f elementor-widget elementor-widget-button\" data-id=\"f5c1a2f\" data-element_type=\"widget\" data-e-type=\"widget\" data-widget_type=\"button.default\">\n\t\t\t\t<div class=\"elementor-widget-container\">\n\t\t\t\t\t\t\t\t\t<div class=\"elementor-button-wrapper\">\n\t\t\t\t\t<a class=\"elementor-button elementor-button-link elementor-size-md\" href=\"https:\/\/lgtravel.se\/vara-resor\/\">\n\t\t\t\t\t\t<span class=\"elementor-button-content-wrapper\">\n\t\t\t\t\t\t\t\t\t<span class=\"elementor-button-text\">Our tours<\/span>\n\t\t\t\t\t<\/span>\n\t\t\t\t\t<\/a>\n\t\t\t\t<\/div>\n\t\t\t\t\t\t\t\t<\/div>\n\t\t\t\t<\/div>\n\t\t\t\t\t<\/div>\n\t\t<\/div>\n\t\t\t\t\t<\/div>\n\t\t<\/section>\n\t\t\t\t<section class=\"elementor-section elementor-top-section elementor-element elementor-element-a31180a elementor-section-boxed elementor-section-height-default elementor-section-height-default\" data-id=\"a31180a\" data-element_type=\"section\" data-e-type=\"section\" data-settings=\"{&quot;background_background&quot;:&quot;classic&quot;}\">\n\t\t\t\t\t\t<div class=\"elementor-container elementor-column-gap-default\">\n\t\t\t\t\t<div class=\"elementor-column elementor-col-100 elementor-top-column elementor-element elementor-element-8e58b19\" data-id=\"8e58b19\" data-element_type=\"column\" data-e-type=\"column\">\n\t\t\t<div class=\"elementor-widget-wrap elementor-element-populated\">\n\t\t\t\t\t\t<div class=\"elementor-element elementor-element-ddfc749 elementor-widget-divider--view-line elementor-widget elementor-widget-global elementor-global-627 elementor-widget-divider\" data-id=\"ddfc749\" data-element_type=\"widget\" data-e-type=\"widget\" data-widget_type=\"divider.default\">\n\t\t\t\t<div class=\"elementor-widget-container\">\n\t\t\t\t\t\t\t<div class=\"elementor-divider\">\n\t\t\t<span class=\"elementor-divider-separator\">\n\t\t\t\t\t\t<\/span>\n\t\t<\/div>\n\t\t\t\t\t\t<\/div>\n\t\t\t\t<\/div>\n\t\t\t\t<div class=\"elementor-element elementor-element-8f195e9 elementor-widget elementor-widget-heading\" data-id=\"8f195e9\" data-element_type=\"widget\" data-e-type=\"widget\" data-widget_type=\"heading.default\">\n\t\t\t\t<div class=\"elementor-widget-container\">\n\t\t\t\t\t<h1 class=\"elementor-heading-title elementor-size-default\">Our current tours<\/h1>\t\t\t\t<\/div>\n\t\t\t\t<\/div>\n\t\t\t\t<div class=\"elementor-element elementor-element-fb7bad7 elementor-widget-divider--view-line elementor-widget elementor-widget-global elementor-global-627 elementor-widget-divider\" data-id=\"fb7bad7\" data-element_type=\"widget\" data-e-type=\"widget\" data-widget_type=\"divider.default\">\n\t\t\t\t<div class=\"elementor-widget-container\">\n\t\t\t\t\t\t\t<div class=\"elementor-divider\">\n\t\t\t<span class=\"elementor-divider-separator\">\n\t\t\t\t\t\t<\/span>\n\t\t<\/div>\n\t\t\t\t\t\t<\/div>\n\t\t\t\t<\/div>\n\t\t\t\t<div class=\"elementor-element elementor-element-b7f2908 elementor-grid-1 elementor-posts--align-left elementor-grid-tablet-1 elementor-posts--thumbnail-left elementor-hidden-tablet elementor-hidden-phone elementor-grid-mobile-1 elementor-widget elementor-widget-posts\" data-id=\"b7f2908\" data-element_type=\"widget\" data-e-type=\"widget\" data-settings=\"{&quot;classic_columns&quot;:&quot;1&quot;,&quot;classic_row_gap&quot;:{&quot;unit&quot;:&quot;px&quot;,&quot;size&quot;:30,&quot;sizes&quot;:[]},&quot;classic_columns_tablet&quot;:&quot;1&quot;,&quot;classic_columns_mobile&quot;:&quot;1&quot;,&quot;classic_row_gap_tablet&quot;:{&quot;unit&quot;:&quot;px&quot;,&quot;size&quot;:&quot;&quot;,&quot;sizes&quot;:[]},&quot;classic_row_gap_mobile&quot;:{&quot;unit&quot;:&quot;px&quot;,&quot;size&quot;:&quot;&quot;,&quot;sizes&quot;:[]}}\" data-widget_type=\"posts.classic\">\n\t\t\t\t<div class=\"elementor-widget-container\">\n\t\t\t\t\t\t\t<div class=\"elementor-posts-container elementor-posts elementor-posts--skin-classic elementor-grid\" role=\"list\">\n\t\t\t\t<article class=\"elementor-post elementor-grid-item post-8200 resor type-resor status-publish has-post-thumbnail hentry category-resor tag-aktuella\" role=\"listitem\">\n\t\t\t\t<a class=\"elementor-post__thumbnail__link\" href=\"https:\/\/lgtravel.se\/en\/resor\/pa-rals-genom-polen-tjeckien-fran-ostersjon-till-prag\/\" tabindex=\"-1\" >\n\t\t\t<div class=\"elementor-post__thumbnail\"><img fetchpriority=\"high\" decoding=\"async\" width=\"2560\" height=\"1340\" src=\"https:\/\/lgtravel.se\/wp-content\/uploads\/2025\/12\/dsc_0193_foto-niklas-bonnemark_2560x1340.jpg\" class=\"attachment-full size-full wp-image-8240\" alt=\"g\u00e5gata mellan gamla hus och kyrka i bakgrunden\" srcset=\"https:\/\/lgtravel.se\/wp-content\/uploads\/2025\/12\/dsc_0193_foto-niklas-bonnemark_2560x1340.jpg 2560w, https:\/\/lgtravel.se\/wp-content\/uploads\/2025\/12\/dsc_0193_foto-niklas-bonnemark_2560x1340-300x157.jpg 300w, https:\/\/lgtravel.se\/wp-content\/uploads\/2025\/12\/dsc_0193_foto-niklas-bonnemark_2560x1340-1024x536.jpg 1024w, https:\/\/lgtravel.se\/wp-content\/uploads\/2025\/12\/dsc_0193_foto-niklas-bonnemark_2560x1340-768x402.jpg 768w, https:\/\/lgtravel.se\/wp-content\/uploads\/2025\/12\/dsc_0193_foto-niklas-bonnemark_2560x1340-1536x804.jpg 1536w, https:\/\/lgtravel.se\/wp-content\/uploads\/2025\/12\/dsc_0193_foto-niklas-bonnemark_2560x1340-2048x1072.jpg 2048w\" sizes=\"(max-width: 2560px) 100vw, 2560px\" \/><\/div>\n\t\t<\/a>\n\t\t\t\t<div class=\"elementor-post__text\">\n\t\t\t\t<h3 class=\"elementor-post__title\">\n\t\t\t<a href=\"https:\/\/lgtravel.se\/en\/resor\/pa-rals-genom-polen-tjeckien-fran-ostersjon-till-prag\/\" >\n\t\t\t\tP\u00e5 r\u00e4ls genom Polen &amp; Tjeckien \u2013 fr\u00e5n \u00d6stersj\u00f6n till Prag\t\t\t<\/a>\n\t\t<\/h3>\n\t\t\t\t<div class=\"elementor-post__excerpt\">\n\t\t\t<p>F\u00f6lj med LG Travel p\u00e5 en bekv\u00e4m och inneh\u00e5llsrik t\u00e5gresa genom tv\u00e5 av Centraleuropas mest fascinerande l\u00e4nder.<\/p>\n\t\t<\/div>\n\t\t\n\t\t<a class=\"elementor-post__read-more\" href=\"https:\/\/lgtravel.se\/en\/resor\/pa-rals-genom-polen-tjeckien-fran-ostersjon-till-prag\/\" aria-label=\"Read more about P\u00e5 r\u00e4ls genom Polen &amp; Tjeckien \u2013 fr\u00e5n \u00d6stersj\u00f6n till Prag\" tabindex=\"-1\" >\n\t\t\tRead more \u00bb\t\t<\/a>\n\n\t\t\t\t<\/div>\n\t\t\t\t<\/article>\n\t\t\t\t<\/div>\n\t\t\n\t\t\t\t\t\t<\/div>\n\t\t\t\t<\/div>\n\t\t\t\t<div class=\"elementor-element elementor-element-14ce952 elementor-grid-1 elementor-posts--align-left elementor-grid-tablet-1 elementor-hidden-desktop elementor-grid-mobile-1 elementor-posts--thumbnail-top elementor-widget elementor-widget-posts\" data-id=\"14ce952\" data-element_type=\"widget\" data-e-type=\"widget\" data-settings=\"{&quot;classic_columns&quot;:&quot;1&quot;,&quot;classic_row_gap&quot;:{&quot;unit&quot;:&quot;px&quot;,&quot;size&quot;:30,&quot;sizes&quot;:[]},&quot;classic_columns_tablet&quot;:&quot;1&quot;,&quot;classic_columns_mobile&quot;:&quot;1&quot;,&quot;classic_row_gap_tablet&quot;:{&quot;unit&quot;:&quot;px&quot;,&quot;size&quot;:&quot;&quot;,&quot;sizes&quot;:[]},&quot;classic_row_gap_mobile&quot;:{&quot;unit&quot;:&quot;px&quot;,&quot;size&quot;:&quot;&quot;,&quot;sizes&quot;:[]}}\" data-widget_type=\"posts.classic\">\n\t\t\t\t<div class=\"elementor-widget-container\">\n\t\t\t\t\t\t\t<div class=\"elementor-posts-container elementor-posts elementor-posts--skin-classic elementor-grid\" role=\"list\">\n\t\t\t\t<article class=\"elementor-post elementor-grid-item post-8200 resor type-resor status-publish has-post-thumbnail hentry category-resor tag-aktuella\" role=\"listitem\">\n\t\t\t\t<a class=\"elementor-post__thumbnail__link\" href=\"https:\/\/lgtravel.se\/en\/resor\/pa-rals-genom-polen-tjeckien-fran-ostersjon-till-prag\/\" tabindex=\"-1\" >\n\t\t\t<div class=\"elementor-post__thumbnail\"><img fetchpriority=\"high\" decoding=\"async\" width=\"2560\" height=\"1340\" src=\"https:\/\/lgtravel.se\/wp-content\/uploads\/2025\/12\/dsc_0193_foto-niklas-bonnemark_2560x1340.jpg\" class=\"attachment-full size-full wp-image-8240\" alt=\"g\u00e5gata mellan gamla hus och kyrka i bakgrunden\" srcset=\"https:\/\/lgtravel.se\/wp-content\/uploads\/2025\/12\/dsc_0193_foto-niklas-bonnemark_2560x1340.jpg 2560w, https:\/\/lgtravel.se\/wp-content\/uploads\/2025\/12\/dsc_0193_foto-niklas-bonnemark_2560x1340-300x157.jpg 300w, https:\/\/lgtravel.se\/wp-content\/uploads\/2025\/12\/dsc_0193_foto-niklas-bonnemark_2560x1340-1024x536.jpg 1024w, https:\/\/lgtravel.se\/wp-content\/uploads\/2025\/12\/dsc_0193_foto-niklas-bonnemark_2560x1340-768x402.jpg 768w, https:\/\/lgtravel.se\/wp-content\/uploads\/2025\/12\/dsc_0193_foto-niklas-bonnemark_2560x1340-1536x804.jpg 1536w, https:\/\/lgtravel.se\/wp-content\/uploads\/2025\/12\/dsc_0193_foto-niklas-bonnemark_2560x1340-2048x1072.jpg 2048w\" sizes=\"(max-width: 2560px) 100vw, 2560px\" \/><\/div>\n\t\t<\/a>\n\t\t\t\t<div class=\"elementor-post__text\">\n\t\t\t\t<h3 class=\"elementor-post__title\">\n\t\t\t<a href=\"https:\/\/lgtravel.se\/en\/resor\/pa-rals-genom-polen-tjeckien-fran-ostersjon-till-prag\/\" >\n\t\t\t\tP\u00e5 r\u00e4ls genom Polen &amp; Tjeckien \u2013 fr\u00e5n \u00d6stersj\u00f6n till Prag\t\t\t<\/a>\n\t\t<\/h3>\n\t\t\t\t<div class=\"elementor-post__excerpt\">\n\t\t\t<p>F\u00f6lj med LG Travel p\u00e5 en bekv\u00e4m och inneh\u00e5llsrik t\u00e5gresa genom tv\u00e5 av Centraleuropas mest fascinerande l\u00e4nder.<\/p>\n\t\t<\/div>\n\t\t\n\t\t<a class=\"elementor-post__read-more\" href=\"https:\/\/lgtravel.se\/en\/resor\/pa-rals-genom-polen-tjeckien-fran-ostersjon-till-prag\/\" aria-label=\"Read more about P\u00e5 r\u00e4ls genom Polen &amp; Tjeckien \u2013 fr\u00e5n \u00d6stersj\u00f6n till Prag\" tabindex=\"-1\" >\n\t\t\tRead more \u00bb\t\t<\/a>\n\n\t\t\t\t<\/div>\n\t\t\t\t<\/article>\n\t\t\t\t<\/div>\n\t\t\n\t\t\t\t\t\t<\/div>\n\t\t\t\t<\/div>\n\t\t\t\t<div class=\"elementor-element elementor-element-38b2480 elementor-widget elementor-widget-heading\" data-id=\"38b2480\" data-element_type=\"widget\" data-e-type=\"widget\" data-widget_type=\"heading.default\">\n\t\t\t\t<div class=\"elementor-widget-container\">\n\t\t\t\t\t<h2 class=\"elementor-heading-title elementor-size-default\"><a href=\"https:\/\/lgtravel.se\/vara-resor\/\">Find more tours<\/a><\/h2>\t\t\t\t<\/div>\n\t\t\t\t<\/div>\n\t\t\t\t\t<\/div>\n\t\t<\/div>\n\t\t\t\t\t<\/div>\n\t\t<\/section>\n\t\t<div class=\"elementor-element elementor-element-cdff449 e-flex e-con-boxed e-con e-parent\" data-id=\"cdff449\" data-element_type=\"container\" data-e-type=\"container\" data-settings=\"{&quot;background_background&quot;:&quot;classic&quot;}\">\n\t\t\t\t\t<div class=\"e-con-inner\">\n\t\t\t\t<div class=\"elementor-element elementor-element-d128a4f elementor-widget elementor-widget-heading\" data-id=\"d128a4f\" data-element_type=\"widget\" data-e-type=\"widget\" data-widget_type=\"heading.default\">\n\t\t\t\t<div class=\"elementor-widget-container\">\n\t\t\t\t\t<h2 class=\"elementor-heading-title elementor-size-default\">\u201d<\/h2>\t\t\t\t<\/div>\n\t\t\t\t<\/div>\n\t\t\t\t<div class=\"elementor-element elementor-element-9a6fd59 elementor-widget elementor-widget-testimonial\" data-id=\"9a6fd59\" data-element_type=\"widget\" data-e-type=\"widget\" data-widget_type=\"testimonial.default\">\n\t\t\t\t<div class=\"elementor-widget-container\">\n\t\t\t\t\t\t\t<div class=\"elementor-testimonial-wrapper\">\n\t\t\t\t\t\t\t<div class=\"elementor-testimonial-content\">I have made some diary entries from the trip which now, back in everyday life, have almost turned into a dream, a pleasurable one. You have done a brilliant job, J\u00f6rgen. I'm a little jealous of you for being so at home in so many places in Italy. I'm a little annoyed that you know more about history than I do. You are a great storyteller and you have offered so many varied experiences: AD 79, the Middle Ages, the 4th-5th centuries, food, rock climbing, caves, trulli houses, volcanoes, a boat trip, the Renaissance and views galore. We have learned a lot. We have got to know each other.<\/div>\n\t\t\t\n\t\t\t\t\t\t<div class=\"elementor-testimonial-meta elementor-has-image elementor-testimonial-image-position-aside\">\n\t\t\t\t<div class=\"elementor-testimonial-meta-inner\">\n\t\t\t\t\t\t\t\t\t\t\t<div class=\"elementor-testimonial-image\">\n\t\t\t\t\t\t\t<img decoding=\"async\" width=\"1200\" height=\"800\" src=\"https:\/\/lgtravel.se\/wp-content\/uploads\/2020\/06\/sorrento-foto-gemma-evans-t67olltfyze-unsplash_b1200.jpg\" class=\"attachment-full size-full wp-image-2330\" alt=\"Citroner\" srcset=\"https:\/\/lgtravel.se\/wp-content\/uploads\/2020\/06\/sorrento-foto-gemma-evans-t67olltfyze-unsplash_b1200.jpg 1200w, https:\/\/lgtravel.se\/wp-content\/uploads\/2020\/06\/sorrento-foto-gemma-evans-t67olltfyze-unsplash_b1200-300x200.jpg 300w, https:\/\/lgtravel.se\/wp-content\/uploads\/2020\/06\/sorrento-foto-gemma-evans-t67olltfyze-unsplash_b1200-1024x683.jpg 1024w, https:\/\/lgtravel.se\/wp-content\/uploads\/2020\/06\/sorrento-foto-gemma-evans-t67olltfyze-unsplash_b1200-768x512.jpg 768w\" sizes=\"(max-width: 1200px) 100vw, 1200px\" loading=\"lazy\" \/>\t\t\t\t\t\t<\/div>\n\t\t\t\t\t\n\t\t\t\t\t\t\t\t\t\t<div class=\"elementor-testimonial-details\">\n\t\t\t\t\t\t\t\t\t\t\t\t\t\t<div class=\"elementor-testimonial-name\">Thomas S.<\/div>\n\t\t\t\t\t\t\t\t\t\t\t\t\t\t\t\t\t\t\t\t\t\t<div class=\"elementor-testimonial-job\">2023<\/div>\n\t\t\t\t\t\t\t\t\t\t\t\t\t<\/div>\n\t\t\t\t\t\t\t\t\t<\/div>\n\t\t\t<\/div>\n\t\t\t\t\t<\/div>\n\t\t\t\t\t\t<\/div>\n\t\t\t\t<\/div>\n\t\t\t\t\t<\/div>\n\t\t\t\t<\/div>\n\t\t\t\t<section class=\"elementor-section elementor-top-section elementor-element elementor-element-f8298a9 elementor-section-boxed elementor-section-height-default elementor-section-height-default\" data-id=\"f8298a9\" data-element_type=\"section\" data-e-type=\"section\" data-settings=\"{&quot;background_background&quot;:&quot;classic&quot;}\">\n\t\t\t\t\t\t<div class=\"elementor-container elementor-column-gap-default\">\n\t\t\t\t\t<div class=\"elementor-column elementor-col-100 elementor-top-column elementor-element elementor-element-c0aa080\" data-id=\"c0aa080\" data-element_type=\"column\" data-e-type=\"column\">\n\t\t\t<div class=\"elementor-widget-wrap elementor-element-populated\">\n\t\t\t\t\t\t\t<\/div>\n\t\t<\/div>\n\t\t\t\t\t<\/div>\n\t\t<\/section>\n\t\t\t\t<section class=\"elementor-section elementor-top-section elementor-element elementor-element-ebc0fbc elementor-section-boxed elementor-section-height-default elementor-section-height-default\" data-id=\"ebc0fbc\" data-element_type=\"section\" data-e-type=\"section\" data-settings=\"{&quot;background_background&quot;:&quot;classic&quot;}\">\n\t\t\t\t\t\t<div class=\"elementor-container elementor-column-gap-default\">\n\t\t\t\t\t<div class=\"elementor-column elementor-col-100 elementor-top-column elementor-element elementor-element-35765f5\" data-id=\"35765f5\" data-element_type=\"column\" data-e-type=\"column\">\n\t\t\t<div class=\"elementor-widget-wrap elementor-element-populated\">\n\t\t\t\t\t\t<div class=\"elementor-element elementor-element-381d24a elementor-widget elementor-widget-image\" data-id=\"381d24a\" data-element_type=\"widget\" data-e-type=\"widget\" data-widget_type=\"image.default\">\n\t\t\t\t<div class=\"elementor-widget-container\">\n\t\t\t\t\t\t\t\t\t\t\t\t\t\t\t<img decoding=\"async\" src=\"https:\/\/lgtravel.se\/wp-content\/uploads\/elementor\/thumbs\/lgtravel_vertikal_svart_800-okvkwzb9hn93f0276m461r5ettgsd9g4y3212uw28o.png\" title=\"lgtravel_vertikal_svart_800\" alt=\"LG Travel\" loading=\"lazy\" \/>\t\t\t\t\t\t\t\t\t\t\t\t\t\t\t<\/div>\n\t\t\t\t<\/div>\n\t\t\t\t<div class=\"elementor-element elementor-element-18f7c2f elementor-widget elementor-widget-heading\" data-id=\"18f7c2f\" data-element_type=\"widget\" data-e-type=\"widget\" data-widget_type=\"heading.default\">\n\t\t\t\t<div class=\"elementor-widget-container\">\n\t\t\t\t\t<h2 class=\"elementor-heading-title elementor-size-default\">We have experience from more than 180 countries and territories!<\/h2>\t\t\t\t<\/div>\n\t\t\t\t<\/div>\n\t\t\t\t<div class=\"elementor-element elementor-element-91c01f6 elementor-widget elementor-widget-button\" data-id=\"91c01f6\" data-element_type=\"widget\" data-e-type=\"widget\" data-widget_type=\"button.default\">\n\t\t\t\t<div class=\"elementor-widget-container\">\n\t\t\t\t\t\t\t\t\t<div class=\"elementor-button-wrapper\">\n\t\t\t\t\t<a class=\"elementor-button elementor-button-link elementor-size-md\" href=\"https:\/\/lgtravel.se\/en\/about-us\/\">\n\t\t\t\t\t\t<span class=\"elementor-button-content-wrapper\">\n\t\t\t\t\t\t\t\t\t<span class=\"elementor-button-text\">Read more about us<\/span>\n\t\t\t\t\t<\/span>\n\t\t\t\t\t<\/a>\n\t\t\t\t<\/div>\n\t\t\t\t\t\t\t\t<\/div>\n\t\t\t\t<\/div>\n\t\t\t\t\t<\/div>\n\t\t<\/div>\n\t\t\t\t\t<\/div>\n\t\t<\/section>\n\t\t\t\t<section class=\"elementor-section elementor-top-section elementor-element elementor-element-4f10812 elementor-section-boxed elementor-section-height-default elementor-section-height-default\" data-id=\"4f10812\" data-element_type=\"section\" data-e-type=\"section\">\n\t\t\t\t\t\t<div class=\"elementor-container elementor-column-gap-default\">\n\t\t\t\t\t<div class=\"elementor-column elementor-col-100 elementor-top-column elementor-element elementor-element-283026d\" data-id=\"283026d\" data-element_type=\"column\" data-e-type=\"column\">\n\t\t\t<div class=\"elementor-widget-wrap\">\n\t\t\t\t\t\t\t<\/div>\n\t\t<\/div>\n\t\t\t\t\t<\/div>\n\t\t<\/section>\n\t\t\t\t<\/div>\n\t\t","protected":false},"excerpt":{"rendered":"<p>To travel is to come close So close that you can smell, taste and feeleverything you want to know more about Our tours Our current tours Find more tours \u201d I have made some diary entries from the trip which now, back in everyday life, have almost turned into a dream, a pleasurable one. You &#8230; <a title=\"P\u00e5 r\u00e4ls genom Polen &amp; Tjeckien \u2013 fr\u00e5n \u00d6stersj\u00f6n till Prag\" class=\"read-more\" href=\"https:\/\/lgtravel.se\/en\/resor\/pa-rals-genom-polen-tjeckien-fran-ostersjon-till-prag\/\" aria-label=\"Read more about P\u00e5 r\u00e4ls genom Polen &amp; Tjeckien \u2013 fr\u00e5n \u00d6stersj\u00f6n till Prag\">Read more<\/a><\/p>\n","protected":false},"author":2,"featured_media":0,"parent":0,"menu_order":0,"comment_status":"closed","ping_status":"closed","template":"","meta":{"_acf_changed":false,"_seopress_robots_primary_cat":"","_seopress_titles_title":"LG Travel | To travel is to experience.","_seopress_titles_desc":"To travel is to come close - So close that you can smell, taste and feel everything you want to know more about - We are experienced from more than 120 countries!","_seopress_robots_index":"","footnotes":""},"class_list":["post-2436","page","type-page","status-publish","hentry"],"acf":[],"_links":{"self":[{"href":"https:\/\/lgtravel.se\/en\/wp-json\/wp\/v2\/pages\/2436","targetHints":{"allow":["GET"]}}],"collection":[{"href":"https:\/\/lgtravel.se\/en\/wp-json\/wp\/v2\/pages"}],"about":[{"href":"https:\/\/lgtravel.se\/en\/wp-json\/wp\/v2\/types\/page"}],"author":[{"embeddable":true,"href":"https:\/\/lgtravel.se\/en\/wp-json\/wp\/v2\/users\/2"}],"replies":[{"embeddable":true,"href":"https:\/\/lgtravel.se\/en\/wp-json\/wp\/v2\/comments?post=2436"}],"version-history":[{"count":0,"href":"https:\/\/lgtravel.se\/en\/wp-json\/wp\/v2\/pages\/2436\/revisions"}],"wp:attachment":[{"href":"https:\/\/lgtravel.se\/en\/wp-json\/wp\/v2\/media?parent=2436"}],"curies":[{"name":"wp","href":"https:\/\/api.w.org\/{rel}","templated":true}]}}